{"id":224081,"date":"2021-11-10T13:49:08","date_gmt":"2021-11-10T13:49:08","guid":{"rendered":"https:\/\/fl.agentura-zile.lv\/warranty\/"},"modified":"2021-12-20T12:43:15","modified_gmt":"2021-12-20T10:43:15","slug":"garantie","status":"publish","type":"page","link":"https:\/\/flora.lv\/de\/garantie\/","title":{"rendered":"Garantie"},"content":{"rendered":"<p>[et_pb_section fb_built=&#8220;1&#8243; _builder_version=&#8220;3.22&#8243; global_colors_info=&#8220;{}&#8220;][et_pb_row _builder_version=&#8220;4.10.4&#8243; max_width=&#8220;1280px&#8220; custom_padding=&#8220;27px|0px|0|0px|false|false&#8220; use_custom_width=&#8220;on&#8220; custom_width_px=&#8220;1280px&#8220; locked=&#8220;off&#8220; global_colors_info=&#8220;{}&#8220;][et_pb_column type=&#8220;4_4&#8243; _builder_version=&#8220;3.25&#8243; custom_padding=&#8220;|||&#8220; global_colors_info=&#8220;{}&#8220; custom_padding__hover=&#8220;|||&#8220;][et_pb_text _builder_version=&#8220;4.13.1&#8243; text_font=&#8220;||||||||&#8220; header_font=&#8220;Montserrat|300|||||||&#8220; header_font_size=&#8220;50px&#8220; header_line_height=&#8220;1.3em&#8220; header_4_font=&#8220;Montserrat|500||on|||||&#8220; header_4_text_color=&#8220;#ef6f49&#8243; header_4_font_size=&#8220;11px&#8220; header_4_letter_spacing=&#8220;3px&#8220; header_font_size_tablet=&#8220;50px&#8220; header_font_size_phone=&#8220;30px&#8220; header_font_size_last_edited=&#8220;on|phone&#8220; global_colors_info=&#8220;{}&#8220;]<\/p>\n<h1>Flora GmbH haftet f\u00fcr die Qualit\u00e4t ihrer Produkte.<br \/>\n<\/h1>\n<p>[\/et_pb_text][et_pb_text _builder_version=&#8220;4.14.4&#8243; text_font=&#8220;||||||||&#8220; text_font_size=&#8220;15px&#8220; text_line_height=&#8220;2.2em&#8220; header_font=&#8220;||||||||&#8220; header_3_font=&#8220;Montserrat|600||on|||||&#8220; header_3_font_size=&#8220;12px&#8220; header_3_letter_spacing=&#8220;1px&#8220; header_3_line_height=&#8220;1.8em&#8220; custom_margin=&#8220;1px|20px|0px||false|false&#8220; hover_enabled=&#8220;0&#8243; locked=&#8220;off&#8220; global_colors_info=&#8220;{}&#8220; header_font_size__hover=&#8220;30px&#8220; header_2_font_size__hover=&#8220;26px&#8220; header_3_font_size__hover=&#8220;22px&#8220; header_4_font_size__hover=&#8220;18px&#8220; header_5_font_size__hover=&#8220;16px&#8220; header_6_font_size__hover=&#8220;14px&#8220; header_font_size__hover_enabled=&#8220;30px&#8220; header_2_font_size__hover_enabled=&#8220;26px&#8220; header_3_font_size__hover_enabled=&#8220;22px&#8220; header_4_font_size__hover_enabled=&#8220;18px&#8220; header_5_font_size__hover_enabled=&#8220;16px&#8220; header_6_font_size__hover_enabled=&#8220;14px&#8220; header_letter_spacing__hover=&#8220;0px&#8220; header_2_letter_spacing__hover=&#8220;0px&#8220; header_3_letter_spacing__hover=&#8220;0px&#8220; header_4_letter_spacing__hover=&#8220;0px&#8220; header_5_letter_spacing__hover=&#8220;0px&#8220; header_6_letter_spacing__hover=&#8220;0px&#8220; header_letter_spacing__hover_enabled=&#8220;0px&#8220; header_2_letter_spacing__hover_enabled=&#8220;0px&#8220; header_3_letter_spacing__hover_enabled=&#8220;0px&#8220; header_4_letter_spacing__hover_enabled=&#8220;0px&#8220; header_5_letter_spacing__hover_enabled=&#8220;0px&#8220; header_6_letter_spacing__hover_enabled=&#8220;0px&#8220; header_2_line_height__hover=&#8220;1em&#8220; header_3_line_height__hover=&#8220;1em&#8220; header_4_line_height__hover=&#8220;1em&#8220; header_5_line_height__hover=&#8220;1em&#8220; header_6_line_height__hover=&#8220;1em&#8220; header_2_line_height__hover_enabled=&#8220;1em&#8220; header_3_line_height__hover_enabled=&#8220;1em&#8220; header_4_line_height__hover_enabled=&#8220;1em&#8220; header_5_line_height__hover_enabled=&#8220;1em&#8220; header_6_line_height__hover_enabled=&#8220;1em&#8220; header_text_shadow_style__hover=&#8220;none&#8220; header_2_text_shadow_style__hover=&#8220;none&#8220; header_3_text_shadow_style__hover=&#8220;none&#8220; header_4_text_shadow_style__hover=&#8220;none&#8220; header_5_text_shadow_style__hover=&#8220;none&#8220; header_6_text_shadow_style__hover=&#8220;none&#8220; header_text_shadow_style__hover_enabled=&#8220;none&#8220; header_2_text_shadow_style__hover_enabled=&#8220;none&#8220; header_3_text_shadow_style__hover_enabled=&#8220;none&#8220; header_4_text_shadow_style__hover_enabled=&#8220;none&#8220; header_5_text_shadow_style__hover_enabled=&#8220;none&#8220; header_6_text_shadow_style__hover_enabled=&#8220;none&#8220; header_text_shadow_color__hover=&#8220;rgba(0,0,0,0.4)&#8220; header_2_text_shadow_color__hover=&#8220;rgba(0,0,0,0.4)&#8220; header_3_text_shadow_color__hover=&#8220;rgba(0,0,0,0.4)&#8220; header_4_text_shadow_color__hover=&#8220;rgba(0,0,0,0.4)&#8220; header_5_text_shadow_color__hover=&#8220;rgba(0,0,0,0.4)&#8220; header_6_text_shadow_color__hover=&#8220;rgba(0,0,0,0.4)&#8220; header_text_shadow_color__hover_enabled=&#8220;rgba(0,0,0,0.4)&#8220; header_2_text_shadow_color__hover_enabled=&#8220;rgba(0,0,0,0.4)&#8220; header_3_text_shadow_color__hover_enabled=&#8220;rgba(0,0,0,0.4)&#8220; header_4_text_shadow_color__hover_enabled=&#8220;rgba(0,0,0,0.4)&#8220; header_5_text_shadow_color__hover_enabled=&#8220;rgba(0,0,0,0.4)&#8220; header_6_text_shadow_color__hover_enabled=&#8220;rgba(0,0,0,0.4)&#8220; sticky_enabled=&#8220;0&#8243;]<\/p>\n<p style=\"text-align: justify;\">Produktgarantie gilt, wenn die Produkte gem\u00e4\u00df\u00a0<a href=\"https:\/\/flora.lv\/de\/bedienungsanleitung\/\" target=\"_self\" rel=\"noopener\"><u>B<\/u><u>e<\/u><u>triebsanordnungen<\/u><\/a>\u00a0des Herstellers eingebaut und betrieben werden.<\/p>\n<h4 style=\"text-align: justify;\"><strong>Garantie f\u00fcr Holzfenster und T\u00fcren<\/strong><\/h4>\n<table border=\"1\">\n<tbody>\n<tr>\n<td>\n<div class=\"table-scroll\"><strong>Garantie bezieht sich auf<\/strong><\/div>\n<\/td>\n<td>\n<div class=\"table-scroll\"><strong>Kategorie<\/strong><\/div>\n<\/td>\n<td>\n<div class=\"table-scroll\"><strong>Zeitraum<\/strong><\/div>\n<\/td>\n<\/tr>\n<\/tbody>\n<tbody>\n<tr>\n<td>\n<div class=\"table-scroll\">Fensterbau<\/div>\n<\/td>\n<td>\n<div class=\"table-scroll\">Geometrie der verleimten Produkte und Konstruktionen<\/div>\n<\/td>\n<td>\n<div class=\"table-scroll\">5 Jahre<\/div>\n<\/td>\n<\/tr>\n<\/tbody>\n<tbody>\n<tr>\n<td>\n<div class=\"table-scroll\">Au\u00dfent\u00fcrbau<\/div>\n<\/td>\n<td>\n<div class=\"table-scroll\">Geometrie der verleimten Produkte und Konstruktionen<\/div>\n<\/td>\n<td>\n<div class=\"table-scroll\">5 Jahre (zugelassene Kr\u00fcmmung bis zu 2mm pro 1 m)<\/div>\n<\/td>\n<\/tr>\n<\/tbody>\n<tbody>\n<tr>\n<td>\n<div class=\"table-scroll\">Glas<\/div>\n<\/td>\n<td>\n<div class=\"table-scroll\">Kondensatbildung auf der Innenseite der Verglasung, Luftdurchdringung zwischen der Laminierung der Verglasung<\/div>\n<\/td>\n<td>\n<div class=\"table-scroll\">5 Jahre Herstellergarantie<\/div>\n<\/td>\n<\/tr>\n<\/tbody>\n<tbody>\n<tr>\n<td>\n<div class=\"table-scroll\">Fensterbeschlag<\/div>\n<\/td>\n<td>\n<div class=\"table-scroll\">Funktionalit\u00e4t und Korrosion<\/div>\n<\/td>\n<td>\n<div class=\"table-scroll\">10 Jahre Herstellergarantie<\/div>\n<\/td>\n<\/tr>\n<\/tbody>\n<tbody>\n<tr>\n<td>\n<div class=\"table-scroll\">Fenstergriffe (Roto)<\/div>\n<\/td>\n<td>\n<div class=\"table-scroll\">Funktionalit\u00e4t<\/div>\n<\/td>\n<td>\n<div class=\"table-scroll\">10 Jahre Herstellergarantie<\/div>\n<\/td>\n<\/tr>\n<\/tbody>\n<tbody>\n<tr>\n<td>\n<div class=\"table-scroll\">Au\u00dfent\u00fcrbeschlag<\/div>\n<\/td>\n<td>\n<div class=\"table-scroll\">Funktionalit\u00e4t (KFV)<\/div>\n<div class=\"table-scroll\">Funktionalit\u00e4t (Simonswerk)<\/div>\n<\/td>\n<td>\n<div class=\"table-scroll\">5 Jahre H\u00e4ndlergarantie<\/div>\n<div class=\"table-scroll\">Herstellergarantie f\u00fcr 200000 \u00d6ffnungsrunden<\/div>\n<\/td>\n<\/tr>\n<\/tbody>\n<tbody>\n<tr>\n<td>\n<div class=\"table-scroll\">Au\u00dfent\u00fcrgriffe<\/div>\n<\/td>\n<td>\n<div class=\"table-scroll\">Funktionalit\u00e4t<\/div>\n<\/td>\n<td>\n<div class=\"table-scroll\">2 Jahre H\u00e4ndlergarantie<\/div>\n<\/td>\n<\/tr>\n<\/tbody>\n<tbody>\n<tr>\n<td>\n<div class=\"table-scroll\">Au\u00dfenbeschichtung * f\u00fcr gestrichene Fenster und T\u00fcren<\/div>\n<\/td>\n<td>\n<div class=\"table-scroll\">Rissbildung oder Abbl\u00e4tterung der Farbe<\/div>\n<\/td>\n<td>\n<div class=\"table-scroll\">5 Jahre<\/div>\n<\/td>\n<\/tr>\n<\/tbody>\n<tbody>\n<tr>\n<td>\n<div class=\"table-scroll\">Au\u00dfenbeschichtung * im K\u00fcstenbereich (bis zu 2 km vom Meer entfernt)<\/div>\n<\/td>\n<td>\n<div class=\"table-scroll\">Rissbildung oder Abbl\u00e4tterung der Farbe<\/div>\n<\/td>\n<td>\n<div class=\"table-scroll\">2 Jahre<\/div>\n<\/td>\n<\/tr>\n<\/tbody>\n<tbody>\n<tr>\n<td>\n<div class=\"table-scroll\">Innenbeschichtung<\/div>\n<\/td>\n<td>\n<div class=\"table-scroll\">Rissbildung oder Abbl\u00e4tterung der Farbe<\/div>\n<div class=\"table-scroll\">Beizen + Rissbildung oder Abbl\u00e4tterung des Lacks**<\/div>\n<\/td>\n<td>\n<div class=\"table-scroll\">5 Jahre<\/div>\n<div class=\"table-scroll\">5 Jahre<\/div>\n<\/td>\n<\/tr>\n<\/tbody>\n<tbody>\n<tr>\n<td>\n<div class=\"table-scroll\">Abdichtung, Silikon<\/div>\n<\/td>\n<td>\n<div class=\"table-scroll\">Rissbildung<\/div>\n<\/td>\n<td>\n<div class=\"table-scroll\">2 Jahre<\/div>\n<\/td>\n<\/tr>\n<\/tbody>\n<tbody>\n<tr>\n<td>\n<div class=\"table-scroll\">Produktmontage<\/div>\n<\/td>\n<td>\n<div class=\"table-scroll\">Wenn die Montage von FLORA GmbH oder einer von Flora bevollm\u00e4chtigten Personen durchgef\u00fchrt worden ist.<\/div>\n<\/td>\n<td>\n<div class=\"table-scroll\">5 Jahre<\/div>\n<\/td>\n<\/tr>\n<\/tbody>\n<\/table>\n<p style=\"text-align: justify;\">*Au\u00dfenbeschichtung. Gebeizte\u00a0<em>+\u00a0<\/em>lackierte Oberfl\u00e4che wird von der Garantie nicht abgedeckt.<\/p>\n<p style=\"text-align: justify;\">*Gebeizter Lackton wird w\u00e4hrend des ersten Jahres dunkler, weil das Holz durch UV-Strahlen dunkler werden kann.<\/p>\n<p style=\"text-align: justify;\">Die festgestellten M\u00e4ngel sind von dem Kunden an Flora GmbH innerhalb von 30 Kalendertagen per einer schriftlichen Mitteilung ab dem Datum der Mangelfeststellung mitzuteilen. Maximale Information \u00fcber den festgestellten Mangel oder Unvollkommenheit, als auch Information \u00fcber den Standort des Produktes muss hinzugef\u00fcgt werden. Wartungsreparatur kann nur die Person oder der Bevollm\u00e4chtigter einer solchen Person anfordern, die den Vertrag \u00fcber die Produktherstellung und Konstruktionseinbau abgeschlossen hat. Nach dem Erhalt der Garantieanforderung wird Vertreter der Flora GmbH sich mit dieser Person in Verbindung setzen, um sich \u00fcber die Aufhebung des Mangels zu einigen.<\/p>\n<p style=\"text-align: justify;\">In dem Schreiben muss Folgendes angegeben warden:<\/p>\n<p style=\"text-align: justify;\">Auftrags Nr., Name, Nachname des Kunden, Rufnummer, Adresse des Objekts, wo die Konstruktion sich befindet, Mangelbeschreibung, Foto des Mangels (wenn man es auf eine solche Art dokumentieren kann), Vollmacht, wenn die Wartungsreparatur von einer solchen Person beantragt wird, die kein Auftragnehmer ist.<\/p>\n<p style=\"text-align: justify;\">Garantie gilt nicht f\u00fcr:<\/p>\n<ul style=\"text-align: justify;\">\n<li>Sichtfehler, die nicht in einem Abstand von 1,5 M von der Konstruktion sichtbar sind und die Funktionalit\u00e4t des Fensters nicht beeintr\u00e4chtigen;<\/li>\n<li>Sch\u00e4den, die die Menschen vors\u00e4tzlich oder unwissentlich, durch Fahrl\u00e4ssigkeit, Unwissenheit oder Missbrauch verursacht haben (z.B. Besch\u00e4digter Beschlag, wenn die Konstruktion mit Gewalt geschlossen wurde).<\/li>\n<li>Sch\u00e4den, die die Bauarbeiter oder Reparaturarbeiter zugef\u00fcgt haben.<\/li>\n<li>Funktionsst\u00f6rungen, die wegen unerlaubter Reparatur oder Modifikation entstanden sind.<\/li>\n<li>Eigenschaften der Holztextur oder \u2013Faser, ihre Farbe, Breite, Richtung.<\/li>\n<li>Besch\u00e4digungen, die von V\u00f6gel, Insekten, Tieren oder Haustieren (z.B. Hund hat die Fensterbank besch\u00e4digt oder die Au\u00dfent\u00fcr gekratzt) verursacht wurden.<\/li>\n<li>Unterschiede der Holznaturt\u00f6ne sowohl in der Oberfl\u00e4che des keilgezinkten, als auch f\u00fcr den durchgehenden Material.<\/li>\n<li>Holzharzauftreten aus der Konstruktion.<\/li>\n<li>Nat\u00fcrlicher Abnutzung (z.B. Beschlagsregulierung f\u00fcr die Fenster, die l\u00e4nger als ein halbes Jahr in Betrieb sind)<\/li>\n<li>Holzfenster und Fensterb\u00e4nke, die in R\u00e4umen mit erh\u00f6hter Luftfeuchtigkeit \u2013 Hallenb\u00e4dern, Saunas, Gew\u00e4chsh\u00e4usern usw \u2013 eingebaut worden sind<\/li>\n<li>Sch\u00e4den der h\u00f6heren Gewalt (z.B. Sturm, \u00dcberschwemmung, Unruhen usw).<\/li>\n<li>In den F\u00e4llen, wenn der Kunde die Auftragsnummer oder den Namen und Nachnamen (f\u00fcr Privatpersonen) oder den Namen (f\u00fcr juristische Personen), die den Vertrag unterschrieben haben, nicht wei\u00df<\/li>\n<li>F\u00fcr die Konstruktionen, wo die Aufstellung nicht gem\u00e4\u00df der Montageanweisung von Flora GmbH durchgef\u00fchrt worden ist<\/li>\n<li>F\u00fcr die Sch\u00e4den, die nach dem Konstruktionseinbau durch \u00fcberm\u00e4\u00dfige Feuchtigkeit (mehr al 65%) entstanden sind (z.B. wegen Putzarbeiten oder Betonarbeiten)<\/li>\n<li>Wenn keine \u00dcberdachung an den Au\u00dfent\u00fcren vorgesehen \/ aufgebaut ist, die vor direkter Auswirkung von \u00e4u\u00dferen Bedingungen sch\u00fctzt<\/li>\n<li>F\u00fcr die M\u00e4ngel, die in der Holzkonstruktion, im Beschlag, in den Aluminiumprofilen, Bauteilen wegen einer schadender Einwirkung (Chemikalien) aufgetreten sind<\/li>\n<\/ul>\n<p style=\"text-align: justify;\">Garantiebedingungen sind ung\u00fcltig und Flora GmbH \u00fcbernimmt keine Haftung, wenn einer oder mehrere Betriebs- und Montageanleitungen nicht eingehalten worden sind.<\/p>\n<p style=\"text-align: justify;\">Flora GmbH verpflichtet sich, in der oben genannten Zeit ab dem Zeitpunkt des Verkaufs und auf eigene Kosten Garantiereparaturen durchzuf\u00fchren, wenn solche Sch\u00e4den festgestellt werden, die Folgen einer ungen\u00fcgend sorgf\u00e4ltiger Arbeit sind.<\/p>\n<p style=\"text-align: justify;\">[\/et_pb_text][\/et_pb_column][\/et_pb_row][\/et_pb_section]<\/p>\n","protected":false},"excerpt":{"rendered":"<p>Flora GmbH haftet f\u00fcr die Qualit\u00e4t ihrer Produkte. Produktgarantie gilt, wenn die Produkte gem\u00e4\u00df\u00a0Betriebsanordnungen\u00a0des Herstellers eingebaut und betrieben werden. Garantie f\u00fcr Holzfenster und T\u00fcren Garantie bezieht sich auf Kategorie Zeitraum Fensterbau Geometrie der verleimten Produkte und Konstruktionen 5 Jahre Au\u00dfent\u00fcrbau Geometrie der verleimten Produkte und Konstruktionen 5 Jahre (zugelassene Kr\u00fcmmung bis zu 2mm pro 1 [&hellip;]<\/p>\n","protected":false},"author":1,"featured_media":0,"parent":0,"menu_order":0,"comment_status":"closed","ping_status":"closed","template":"","meta":{"_et_pb_use_builder":"on","_et_pb_old_content":"","_et_gb_content_width":"","footnotes":""},"class_list":["post-224081","page","type-page","status-publish","hentry"],"aioseo_notices":[],"_links":{"self":[{"href":"https:\/\/flora.lv\/de\/wp-json\/wp\/v2\/pages\/224081","targetHints":{"allow":["GET"]}}],"collection":[{"href":"https:\/\/flora.lv\/de\/wp-json\/wp\/v2\/pages"}],"about":[{"href":"https:\/\/flora.lv\/de\/wp-json\/wp\/v2\/types\/page"}],"author":[{"embeddable":true,"href":"https:\/\/flora.lv\/de\/wp-json\/wp\/v2\/users\/1"}],"replies":[{"embeddable":true,"href":"https:\/\/flora.lv\/de\/wp-json\/wp\/v2\/comments?post=224081"}],"version-history":[{"count":0,"href":"https:\/\/flora.lv\/de\/wp-json\/wp\/v2\/pages\/224081\/revisions"}],"wp:attachment":[{"href":"https:\/\/flora.lv\/de\/wp-json\/wp\/v2\/media?parent=224081"}],"curies":[{"name":"wp","href":"https:\/\/api.w.org\/{rel}","templated":true}]}}